{"id":66,"date":"2015-05-22T04:34:29","date_gmt":"2015-05-22T04:34:29","guid":{"rendered":"https:\/\/www.osteotherapeutics.com\/?page_id=66"},"modified":"2016-05-24T22:35:18","modified_gmt":"2016-05-24T20:35:18","slug":"vous-et-nous","status":"publish","type":"page","link":"https:\/\/www.osteotherapeutics.com\/us\/vous-et-nous\/","title":{"rendered":"About you &#038; us"},"content":{"rendered":"<p><strong>Our mission is to empower individuals to thrive while managing their health, energy and life pursuits, and find their true posture as a leader.<\/strong><\/p>\n<h2>Philosophy &amp; Principles<\/h2>\n<blockquote><p>We help create meaningful leadership<\/p><\/blockquote>\n<p><strong>The Osteotherapeutics Institute\u2122<\/strong> applies the most up-to-date osteopathic, medical, diagnostic, and business and athletic coaching and facilitating methods and tools, all to enhance individuals\u2019 health and optimal-being in the pursuit of business, athletic and personal excellence.<\/p>\n<ul>\n<li>We provide custom-made performance programs, as well as individual and group development coaching and facilitating sessions to open perspective, gain energy and to transition towards an elevated platform for achievement.<\/li>\n<li>We help guide high-performing individuals including professional and Olympic athletes and top business executives, to other leaders in their pursuit of sustainable excellence, engagement management, overall health and work\/life balance.<\/li>\n<\/ul>\n<h2>Organizations<\/h2>\n\n\t\t<style type=\"text\/css\">\n\t\t\t#gallery-4 {\n\t\t\t\tmargin: auto;\n\t\t\t}\n\t\t\t#gallery-4 .gallery-item {\n\t\t\t\tfloat: left;\n\t\t\t\tmargin-top: 10px;\n\t\t\t\ttext-align: center;\n\t\t\t\twidth: 20%;\n\t\t\t}\n\t\t\t#gallery-4 img {\n\t\t\t\tborder: 2px solid #cfcfcf;\n\t\t\t}\n\t\t\t#gallery-4 .gallery-caption {\n\t\t\t\tmargin-left: 0;\n\t\t\t}\n\t\t\t\/* see gallery_shortcode() in wp-includes\/media.php *\/\n\t\t<\/style>\n\t\t<div id='gallery-4' class='gallery galleryid-66 gallery-columns-5 gallery-size-thumbnail'><dl class='gallery-item'>\n\t\t\t<dt class='gallery-icon landscape'>\n\t\t\t\t<img width=\"72\" height=\"55\" src=\"https:\/\/www.osteotherapeutics.com\/wp-content\/uploads\/2015\/05\/logo-eads.png\" class=\"attachment-thumbnail size-thumbnail\" alt=\"\" decoding=\"async\" loading=\"lazy\" aria-describedby=\"gallery-4-237\" \/>\n\t\t\t<\/dt>\n\t\t\t\t<dd class='wp-caption-text gallery-caption' id='gallery-4-237'>\n\t\t\t\tEADS\n\t\t\t\t<\/dd><\/dl><dl class='gallery-item'>\n\t\t\t<dt class='gallery-icon landscape'>\n\t\t\t\t<img width=\"70\" height=\"70\" src=\"https:\/\/www.osteotherapeutics.com\/wp-content\/uploads\/2015\/05\/logo-societe-generale.png\" class=\"attachment-thumbnail size-thumbnail\" alt=\"\" decoding=\"async\" loading=\"lazy\" aria-describedby=\"gallery-4-240\" \/>\n\t\t\t<\/dt>\n\t\t\t\t<dd class='wp-caption-text gallery-caption' id='gallery-4-240'>\n\t\t\t\tSoci\u00e9t\u00e9 G\u00e9n\u00e9rale\n\t\t\t\t<\/dd><\/dl><dl class='gallery-item'>\n\t\t\t<dt class='gallery-icon landscape'>\n\t\t\t\t<img width=\"70\" height=\"66\" src=\"https:\/\/www.osteotherapeutics.com\/wp-content\/uploads\/2015\/05\/logo-axa.png\" class=\"attachment-thumbnail size-thumbnail\" alt=\"\" decoding=\"async\" loading=\"lazy\" aria-describedby=\"gallery-4-234\" \/>\n\t\t\t<\/dt>\n\t\t\t\t<dd class='wp-caption-text gallery-caption' id='gallery-4-234'>\n\t\t\t\tAXA\n\t\t\t\t<\/dd><\/dl><dl class='gallery-item'>\n\t\t\t<dt class='gallery-icon landscape'>\n\t\t\t\t<img width=\"150\" height=\"65\" src=\"https:\/\/www.osteotherapeutics.com\/wp-content\/uploads\/2015\/05\/logo-galeries-lafayette-150x65.png\" class=\"attachment-thumbnail size-thumbnail\" alt=\"\" decoding=\"async\" loading=\"lazy\" aria-describedby=\"gallery-4-249\" \/>\n\t\t\t<\/dt>\n\t\t\t\t<dd class='wp-caption-text gallery-caption' id='gallery-4-249'>\n\t\t\t\tGaleries Lafayette\n\t\t\t\t<\/dd><\/dl><dl class='gallery-item'>\n\t\t\t<dt class='gallery-icon landscape'>\n\t\t\t\t<img width=\"70\" height=\"70\" src=\"https:\/\/www.osteotherapeutics.com\/wp-content\/uploads\/2015\/05\/logo-caisse-des-depots.png\" class=\"attachment-thumbnail size-thumbnail\" alt=\"\" decoding=\"async\" loading=\"lazy\" aria-describedby=\"gallery-4-235\" \/>\n\t\t\t<\/dt>\n\t\t\t\t<dd class='wp-caption-text gallery-caption' id='gallery-4-235'>\n\t\t\t\tCaisse des d\u00e9p\u00f4ts\n\t\t\t\t<\/dd><\/dl><br style=\"clear: both\" \/><dl class='gallery-item'>\n\t\t\t<dt class='gallery-icon landscape'>\n\t\t\t\t<img width=\"150\" height=\"122\" src=\"https:\/\/www.osteotherapeutics.com\/wp-content\/uploads\/2015\/05\/logo-aden-150x122.png\" class=\"attachment-thumbnail size-thumbnail\" alt=\"\" decoding=\"async\" loading=\"lazy\" aria-describedby=\"gallery-4-247\" \/>\n\t\t\t<\/dt>\n\t\t\t\t<dd class='wp-caption-text gallery-caption' id='gallery-4-247'>\n\t\t\t\tAden Executives\n\t\t\t\t<\/dd><\/dl><dl class='gallery-item'>\n\t\t\t<dt class='gallery-icon portrait'>\n\t\t\t\t<img width=\"70\" height=\"92\" src=\"https:\/\/www.osteotherapeutics.com\/wp-content\/uploads\/2015\/05\/logo-atp.png\" class=\"attachment-thumbnail size-thumbnail\" alt=\"\" decoding=\"async\" loading=\"lazy\" aria-describedby=\"gallery-4-233\" \/>\n\t\t\t<\/dt>\n\t\t\t\t<dd class='wp-caption-text gallery-caption' id='gallery-4-233'>\n\t\t\t\tATP\n\t\t\t\t<\/dd><\/dl><dl class='gallery-item'>\n\t\t\t<dt class='gallery-icon landscape'>\n\t\t\t\t<img width=\"150\" height=\"150\" src=\"https:\/\/www.osteotherapeutics.com\/wp-content\/uploads\/2015\/05\/phytoquant-1.gif\" class=\"attachment-thumbnail size-thumbnail\" alt=\"\" decoding=\"async\" loading=\"lazy\" aria-describedby=\"gallery-4-427\" \/>\n\t\t\t<\/dt>\n\t\t\t\t<dd class='wp-caption-text gallery-caption' id='gallery-4-427'>\n\t\t\t\tL&#8217;\u00e9nergie par les plantes\n\t\t\t\t<\/dd><\/dl><dl class='gallery-item'>\n\t\t\t<dt class='gallery-icon landscape'>\n\t\t\t\t<img width=\"150\" height=\"38\" src=\"https:\/\/www.osteotherapeutics.com\/wp-content\/uploads\/2015\/05\/logo-loreal-150x38.png\" class=\"attachment-thumbnail size-thumbnail\" alt=\"\" decoding=\"async\" loading=\"lazy\" aria-describedby=\"gallery-4-238\" \/>\n\t\t\t<\/dt>\n\t\t\t\t<dd class='wp-caption-text gallery-caption' id='gallery-4-238'>\n\t\t\t\tL&#8217;OR\u00c9AL\n\t\t\t\t<\/dd><\/dl>\n\t\t\t<br style='clear: both' \/>\n\t\t<\/div>\n\n<h2>Universities and business schools<\/h2>\n\n\t\t<style type=\"text\/css\">\n\t\t\t#gallery-5 {\n\t\t\t\tmargin: auto;\n\t\t\t}\n\t\t\t#gallery-5 .gallery-item {\n\t\t\t\tfloat: left;\n\t\t\t\tmargin-top: 10px;\n\t\t\t\ttext-align: center;\n\t\t\t\twidth: 20%;\n\t\t\t}\n\t\t\t#gallery-5 img {\n\t\t\t\tborder: 2px solid #cfcfcf;\n\t\t\t}\n\t\t\t#gallery-5 .gallery-caption {\n\t\t\t\tmargin-left: 0;\n\t\t\t}\n\t\t\t\/* see gallery_shortcode() in wp-includes\/media.php *\/\n\t\t<\/style>\n\t\t<div id='gallery-5' class='gallery galleryid-66 gallery-columns-5 gallery-size-medium'><dl class='gallery-item'>\n\t\t\t<dt class='gallery-icon landscape'>\n\t\t\t\t<img width=\"135\" height=\"67\" src=\"https:\/\/www.osteotherapeutics.com\/wp-content\/uploads\/2015\/05\/logo-INSEAD.png\" class=\"attachment-medium size-medium\" alt=\"\" decoding=\"async\" loading=\"lazy\" \/>\n\t\t\t<\/dt><\/dl><dl class='gallery-item'>\n\t\t\t<dt class='gallery-icon landscape'>\n\t\t\t\t<img width=\"110\" height=\"56\" src=\"https:\/\/www.osteotherapeutics.com\/wp-content\/uploads\/2015\/05\/logo-international-university-consortium.png\" class=\"attachment-medium size-medium\" alt=\"\" decoding=\"async\" loading=\"lazy\" \/>\n\t\t\t<\/dt><\/dl><dl class='gallery-item'>\n\t\t\t<dt class='gallery-icon landscape'>\n\t\t\t\t<img width=\"109\" height=\"74\" src=\"https:\/\/www.osteotherapeutics.com\/wp-content\/uploads\/2015\/05\/logo-McCOMBS.png\" class=\"attachment-medium size-medium\" alt=\"\" decoding=\"async\" loading=\"lazy\" \/>\n\t\t\t<\/dt><\/dl><dl class='gallery-item'>\n\t\t\t<dt class='gallery-icon landscape'>\n\t\t\t\t<img width=\"136\" height=\"66\" src=\"https:\/\/www.osteotherapeutics.com\/wp-content\/uploads\/2015\/05\/logo-sauder-school-business.png\" class=\"attachment-medium size-medium\" alt=\"\" decoding=\"async\" loading=\"lazy\" \/>\n\t\t\t<\/dt><\/dl><dl class='gallery-item'>\n\t\t\t<dt class='gallery-icon landscape'>\n\t\t\t\t<img width=\"172\" height=\"66\" src=\"https:\/\/www.osteotherapeutics.com\/wp-content\/uploads\/2015\/05\/logo-WISCONSIN-school-business.png\" class=\"attachment-medium size-medium\" alt=\"\" decoding=\"async\" loading=\"lazy\" srcset=\"https:\/\/www.osteotherapeutics.com\/wp-content\/uploads\/2015\/05\/logo-WISCONSIN-school-business.png 172w, https:\/\/www.osteotherapeutics.com\/wp-content\/uploads\/2015\/05\/logo-WISCONSIN-school-business-150x58.png 150w\" sizes=\"(max-width: 172px) 100vw, 172px\" \/>\n\t\t\t<\/dt><\/dl><br style=\"clear: both\" \/><dl class='gallery-item'>\n\t\t\t<dt class='gallery-icon landscape'>\n\t\t\t\t<img width=\"140\" height=\"140\" src=\"https:\/\/www.osteotherapeutics.com\/wp-content\/uploads\/2015\/05\/neomabs_1378821260_140.jpg\" class=\"attachment-medium size-medium\" alt=\"\" decoding=\"async\" loading=\"lazy\" \/>\n\t\t\t<\/dt><\/dl>\n\t\t\t<br style='clear: both' \/>\n\t\t<\/div>\n\n<h2>Medical, Osteopathic and education shools and organizations<\/h2>\n<p>\n\t\t<style type=\"text\/css\">\n\t\t\t#gallery-6 {\n\t\t\t\tmargin: auto;\n\t\t\t}\n\t\t\t#gallery-6 .gallery-item {\n\t\t\t\tfloat: left;\n\t\t\t\tmargin-top: 10px;\n\t\t\t\ttext-align: center;\n\t\t\t\twidth: 25%;\n\t\t\t}\n\t\t\t#gallery-6 img {\n\t\t\t\tborder: 2px solid #cfcfcf;\n\t\t\t}\n\t\t\t#gallery-6 .gallery-caption {\n\t\t\t\tmargin-left: 0;\n\t\t\t}\n\t\t\t\/* see gallery_shortcode() in wp-includes\/media.php *\/\n\t\t<\/style>\n\t\t<div id='gallery-6' class='gallery galleryid-66 gallery-columns-4 gallery-size-medium'><dl class='gallery-item'>\n\t\t\t<dt class='gallery-icon landscape'>\n\t\t\t\t<img width=\"164\" height=\"86\" src=\"https:\/\/www.osteotherapeutics.com\/wp-content\/uploads\/2015\/05\/logo_idheo.png\" class=\"attachment-medium size-medium\" alt=\"\" decoding=\"async\" loading=\"lazy\" aria-describedby=\"gallery-6-250\" srcset=\"https:\/\/www.osteotherapeutics.com\/wp-content\/uploads\/2015\/05\/logo_idheo.png 164w, https:\/\/www.osteotherapeutics.com\/wp-content\/uploads\/2015\/05\/logo_idheo-150x79.png 150w\" sizes=\"(max-width: 164px) 100vw, 164px\" \/>\n\t\t\t<\/dt>\n\t\t\t\t<dd class='wp-caption-text gallery-caption' id='gallery-6-250'>\n\t\t\t\tInstitut d&#8217;Ost\u00e9opathie IDHE\n\t\t\t\t<\/dd><\/dl><dl class='gallery-item'>\n\t\t\t<dt class='gallery-icon landscape'>\n\t\t\t\t<img width=\"171\" height=\"100\" src=\"https:\/\/www.osteotherapeutics.com\/wp-content\/uploads\/2015\/05\/logo-ior2.png\" class=\"attachment-medium size-medium\" alt=\"\" decoding=\"async\" loading=\"lazy\" aria-describedby=\"gallery-6-251\" srcset=\"https:\/\/www.osteotherapeutics.com\/wp-content\/uploads\/2015\/05\/logo-ior2.png 171w, https:\/\/www.osteotherapeutics.com\/wp-content\/uploads\/2015\/05\/logo-ior2-150x88.png 150w\" sizes=\"(max-width: 171px) 100vw, 171px\" \/>\n\t\t\t<\/dt>\n\t\t\t\t<dd class='wp-caption-text gallery-caption' id='gallery-6-251'>\n\t\t\t\tInternationnal Osteopathic Research\n\t\t\t\t<\/dd><\/dl><dl class='gallery-item'>\n\t\t\t<dt class='gallery-icon landscape'>\n\t\t\t\t<img width=\"150\" height=\"104\" src=\"https:\/\/www.osteotherapeutics.com\/wp-content\/uploads\/2015\/05\/logo-synergetics2.png\" class=\"attachment-medium size-medium\" alt=\"\" decoding=\"async\" loading=\"lazy\" aria-describedby=\"gallery-6-252\" \/>\n\t\t\t<\/dt>\n\t\t\t\t<dd class='wp-caption-text gallery-caption' id='gallery-6-252'>\n\t\t\t\tSynergetics\n\t\t\t\t<\/dd><\/dl><dl class='gallery-item'>\n\t\t\t<dt class='gallery-icon landscape'>\n\t\t\t\t<img width=\"172\" height=\"100\" src=\"https:\/\/www.osteotherapeutics.com\/wp-content\/uploads\/2015\/05\/logo-creative-minds-school.png\" class=\"attachment-medium size-medium\" alt=\"\" decoding=\"async\" loading=\"lazy\" aria-describedby=\"gallery-6-248\" srcset=\"https:\/\/www.osteotherapeutics.com\/wp-content\/uploads\/2015\/05\/logo-creative-minds-school.png 172w, https:\/\/www.osteotherapeutics.com\/wp-content\/uploads\/2015\/05\/logo-creative-minds-school-150x87.png 150w\" sizes=\"(max-width: 172px) 100vw, 172px\" \/>\n\t\t\t<\/dt>\n\t\t\t\t<dd class='wp-caption-text gallery-caption' id='gallery-6-248'>\n\t\t\t\tCr\u00e9ative minds International\n\t\t\t\t<\/dd><\/dl><br style=\"clear: both\" \/><dl class='gallery-item'>\n\t\t\t<dt class='gallery-icon landscape'>\n\t\t\t\t<img width=\"269\" height=\"137\" src=\"https:\/\/www.osteotherapeutics.com\/wp-content\/uploads\/2015\/05\/logo-ibo-5.jpg\" class=\"attachment-medium size-medium\" alt=\"\" decoding=\"async\" loading=\"lazy\" aria-describedby=\"gallery-6-991\" srcset=\"https:\/\/www.osteotherapeutics.com\/wp-content\/uploads\/2015\/05\/logo-ibo-5.jpg 269w, https:\/\/www.osteotherapeutics.com\/wp-content\/uploads\/2015\/05\/logo-ibo-5-250x127.jpg 250w, https:\/\/www.osteotherapeutics.com\/wp-content\/uploads\/2015\/05\/logo-ibo-5-150x76.jpg 150w\" sizes=\"(max-width: 269px) 100vw, 269px\" \/>\n\t\t\t<\/dt>\n\t\t\t\t<dd class='wp-caption-text gallery-caption' id='gallery-6-991'>\n\t\t\t\tInstituto brasileiro de Osteopatia\n\t\t\t\t<\/dd><\/dl><dl class='gallery-item'>\n\t\t\t<dt class='gallery-icon landscape'>\n\t\t\t\t<img width=\"222\" height=\"83\" src=\"https:\/\/www.osteotherapeutics.com\/wp-content\/uploads\/2015\/05\/St-Petersburg-open.png\" class=\"attachment-medium size-medium\" alt=\"\" decoding=\"async\" loading=\"lazy\" srcset=\"https:\/\/www.osteotherapeutics.com\/wp-content\/uploads\/2015\/05\/St-Petersburg-open.png 222w, https:\/\/www.osteotherapeutics.com\/wp-content\/uploads\/2015\/05\/St-Petersburg-open-150x56.png 150w\" sizes=\"(max-width: 222px) 100vw, 222px\" \/>\n\t\t\t<\/dt><\/dl><dl class='gallery-item'>\n\t\t\t<dt class='gallery-icon landscape'>\n\t\t\t\t<img width=\"100\" height=\"100\" src=\"https:\/\/www.osteotherapeutics.com\/wp-content\/uploads\/2015\/05\/St-ptersburg-institute-of-osteopathy.png\" class=\"attachment-medium size-medium\" alt=\"\" decoding=\"async\" loading=\"lazy\" aria-describedby=\"gallery-6-995\" \/>\n\t\t\t<\/dt>\n\t\t\t\t<dd class='wp-caption-text gallery-caption' id='gallery-6-995'>\n\t\t\t\tSt ptersburg institute of osteopathy\n\t\t\t\t<\/dd><\/dl>\n\t\t\t<br style='clear: both' \/>\n\t\t<\/div>\n<\/p>","protected":false},"excerpt":{"rendered":"<p>Our mission is to empower individuals to thrive while managing their health, energy and life pursuits, and find their true posture as a leader. Philosophy &amp; Principles We help create meaningful leadership The Osteotherapeutics Institute\u2122 applies the most up-to-date osteopathic, medical, diagnostic, and business and athletic coaching and facilitating methods\u2026<\/p>\n<p> <a class=\"continue-reading-link\" href=\"https:\/\/www.osteotherapeutics.com\/us\/vous-et-nous\/\"><span>Continue reading<\/span><i class=\"crycon-right-dir\"><\/i><\/a> <\/p>\n","protected":false},"author":1,"featured_media":0,"parent":0,"menu_order":0,"comment_status":"closed","ping_status":"closed","template":"","meta":[],"_links":{"self":[{"href":"https:\/\/www.osteotherapeutics.com\/us\/wp-json\/wp\/v2\/pages\/66"}],"collection":[{"href":"https:\/\/www.osteotherapeutics.com\/us\/wp-json\/wp\/v2\/pages"}],"about":[{"href":"https:\/\/www.osteotherapeutics.com\/us\/wp-json\/wp\/v2\/types\/page"}],"author":[{"embeddable":true,"href":"https:\/\/www.osteotherapeutics.com\/us\/wp-json\/wp\/v2\/users\/1"}],"replies":[{"embeddable":true,"href":"https:\/\/www.osteotherapeutics.com\/us\/wp-json\/wp\/v2\/comments?post=66"}],"version-history":[{"count":44,"href":"https:\/\/www.osteotherapeutics.com\/us\/wp-json\/wp\/v2\/pages\/66\/revisions"}],"predecessor-version":[{"id":999,"href":"https:\/\/www.osteotherapeutics.com\/us\/wp-json\/wp\/v2\/pages\/66\/revisions\/999"}],"wp:attachment":[{"href":"https:\/\/www.osteotherapeutics.com\/us\/wp-json\/wp\/v2\/media?parent=66"}],"curies":[{"name":"wp","href":"https:\/\/api.w.org\/{rel}","templated":true}]}}